{"id":68,"date":"2019-10-23T21:44:11","date_gmt":"2019-10-23T18:44:11","guid":{"rendered":"http:\/\/www.miracyayinlari.com\/2020\/?page_id=68"},"modified":"2019-12-21T15:22:18","modified_gmt":"2019-12-21T12:22:18","slug":"iletisim","status":"publish","type":"page","link":"https:\/\/www.miracyayinlari.com\/2020\/iletisim\/","title":{"rendered":"\u0130leti\u015fim"},"content":{"rendered":"<div id=\"pl-gb68-69f5fe46e70a2\"  class=\"panel-layout\" ><div id=\"pg-gb68-69f5fe46e70a2-0\"  class=\"panel-grid panel-no-style\" ><div id=\"pgc-gb68-69f5fe46e70a2-0-0\"  class=\"panel-grid-cell\" ><div id=\"panel-gb68-69f5fe46e70a2-0-0-0\" class=\"so-panel widget widget_sow-editor panel-first-child panel-last-child\" data-index=\"0\" ><div\n\t\t\t\n\t\t\tclass=\"so-widget-sow-editor so-widget-sow-editor-base\"\n\t\t\t\n\t\t>\n<div class=\"siteorigin-widget-tinymce textwidget\">\n\t<h2>Mira\u00e7 Yay\u0131nlar\u0131<\/h2>\n<p><strong>Tahir \u00c7ak\u0131c\u0131 :<\/strong> <a href=\"tel:+905352562951\">0535 256 29 51<\/a><\/p>\n<p><strong>Telefon &#8211; Faks :<\/strong> + 90 212 523 38 04<\/p>\n<p><strong>E-posta: <\/strong><a href=\"mailto:mirac@miracyayinlari.com\">mirac@miracyayinlari.com<\/a><\/p>\n<p><strong>Adres:\u00a0<\/strong>G\u00fcne\u015ftepe Mh. K\u00fclt\u00fcr Sk. No:20\/B\u00a0 G\u00fcng\u00f6ren \/ \u0130stanbul<\/p>\n<p>&nbsp;<\/p>\n<p><img decoding=\"async\" loading=\"lazy\" class=\"alignnone size-medium wp-image-12\" src=\"http:\/\/www.miracyayinlari.com\/2020\/wp-content\/uploads\/2019\/10\/mirac-logo-retine-368-300x166.jpg\" alt=\"\" width=\"300\" height=\"166\" srcset=\"https:\/\/www.miracyayinlari.com\/2020\/wp-content\/uploads\/2019\/10\/mirac-logo-retine-368-300x166.jpg 300w, https:\/\/www.miracyayinlari.com\/2020\/wp-content\/uploads\/2019\/10\/mirac-logo-retine-368.jpg 328w\" sizes=\"(max-width: 300px) 100vw, 300px\" \/><\/p>\n<\/div>\n<\/div><\/div><\/div><div id=\"pgc-gb68-69f5fe46e70a2-0-1\"  class=\"panel-grid-cell\" ><div id=\"panel-gb68-69f5fe46e70a2-0-1-0\" class=\"so-panel widget widget_sow-headline panel-first-child\" data-index=\"1\" ><div\n\t\t\t\n\t\t\tclass=\"so-widget-sow-headline so-widget-sow-headline-default-eb58c90b4a68-68\"\n\t\t\t\n\t\t><div class=\"sow-headline-container \">\n\t<h2 class='sow-headline'>\u00dcr\u00fcn Talep Formu<\/h2>\t\t\t\t\t<div class=\"decoration\">\n\t\t\t\t\t\t<div class=\"decoration-inside\"><\/div>\n\t\t\t\t\t<\/div>\n\t\t\t\t\t<\/div>\n<\/div><\/div><div id=\"panel-gb68-69f5fe46e70a2-0-1-1\" class=\"so-panel widget widget_sow-editor panel-last-child\" data-index=\"2\" ><div\n\t\t\t\n\t\t\tclass=\"so-widget-sow-editor so-widget-sow-editor-base\"\n\t\t\t\n\t\t>\n<div class=\"siteorigin-widget-tinymce textwidget\">\n\t\n<div class=\"wpcf7 no-js\" id=\"wpcf7-f310-o1\" lang=\"tr-TR\" dir=\"ltr\">\n<div class=\"screen-reader-response\"><p role=\"status\" aria-live=\"polite\" aria-atomic=\"true\"><\/p> <ul><\/ul><\/div>\n<form action=\"\/2020\/wp-json\/wp\/v2\/pages\/68#wpcf7-f310-o1\" method=\"post\" class=\"wpcf7-form init\" aria-label=\"Contact form\" novalidate=\"novalidate\" data-status=\"init\">\n<div style=\"display: none;\">\n<input type=\"hidden\" name=\"_wpcf7\" value=\"310\" \/>\n<input type=\"hidden\" name=\"_wpcf7_version\" value=\"5.8.5\" \/>\n<input type=\"hidden\" name=\"_wpcf7_locale\" value=\"tr_TR\" \/>\n<input type=\"hidden\" name=\"_wpcf7_unit_tag\" value=\"wpcf7-f310-o1\" \/>\n<input type=\"hidden\" name=\"_wpcf7_container_post\" value=\"0\" \/>\n<input type=\"hidden\" name=\"_wpcf7_posted_data_hash\" value=\"\" \/>\n<\/div>\n<p><label> Ad\u0131n\u0131z Soyad\u0131n\u0131z (gerekli)<br \/>\n<span class=\"wpcf7-form-control-wrap\" data-name=\"your-name\"><input size=\"40\" class=\"wpcf7-form-control wpcf7-text wpcf7-validates-as-required\" aria-required=\"true\" aria-invalid=\"false\" value=\"\" type=\"text\" name=\"your-name\" \/><\/span> <\/label>\n<\/p>\n<p><label> Telefon Numaran\u0131z (gerekli)<br \/>\n<span class=\"wpcf7-form-control-wrap\" data-name=\"telefon\"><input size=\"40\" class=\"wpcf7-form-control wpcf7-tel wpcf7-validates-as-required wpcf7-text wpcf7-validates-as-tel\" aria-required=\"true\" aria-invalid=\"false\" value=\"\" type=\"tel\" name=\"telefon\" \/><\/span> <\/label>\n<\/p>\n<p><label> Adres (gerekli)<br \/>\n<span class=\"wpcf7-form-control-wrap\" data-name=\"your-message\"><textarea cols=\"40\" rows=\"10\" class=\"wpcf7-form-control wpcf7-textarea\" aria-invalid=\"false\" name=\"your-message\"><\/textarea><\/span> <\/label>\n<\/p>\n<p><label> Almak istedi\u011finiz kitab\u0131 se\u00e7iniz: (En az bir se\u00e7ene\u011fi i\u015faretleyiniz)<\/label><br \/>\n<label> <span class=\"wpcf7-form-control-wrap\" data-name=\"acceptance-447\"><span class=\"wpcf7-form-control wpcf7-acceptance optional\"><span class=\"wpcf7-list-item\"><label><input type=\"checkbox\" name=\"acceptance-447\" value=\"1\" aria-invalid=\"false\" \/><span class=\"wpcf7-list-item-label\">A\u00e7\u0131klamal\u0131 YEN\u0130 ME\u00c2L<\/span><\/label><\/span><\/span><\/span> <\/label><br \/>\n<label> <span class=\"wpcf7-form-control-wrap\" data-name=\"acceptance-448\"><span class=\"wpcf7-form-control wpcf7-acceptance optional\"><span class=\"wpcf7-list-item\"><label><input type=\"checkbox\" name=\"acceptance-448\" value=\"1\" aria-invalid=\"false\" \/><span class=\"wpcf7-list-item-label\">Ayet ve Hadislerle \u015e\u00e2fi\u00ee \u0130badetler \u0130lmihali<\/span><\/label><\/span><\/span><\/span> <\/label><br \/>\n<label> <span class=\"wpcf7-form-control-wrap\" data-name=\"acceptance-441\"><span class=\"wpcf7-form-control wpcf7-acceptance optional\"><span class=\"wpcf7-list-item\"><label><input type=\"checkbox\" name=\"acceptance-441\" value=\"1\" aria-invalid=\"false\" \/><span class=\"wpcf7-list-item-label\">Asr\u0131n Kur&#8217;an Tefsiri<\/span><\/label><\/span><\/span><\/span> <\/label><br \/>\n<label> <span class=\"wpcf7-form-control-wrap\" data-name=\"acceptance-445\"><span class=\"wpcf7-form-control wpcf7-acceptance optional\"><span class=\"wpcf7-list-item\"><label><input type=\"checkbox\" name=\"acceptance-445\" value=\"1\" aria-invalid=\"false\" \/><span class=\"wpcf7-list-item-label\">Delilleriyle B\u00fcy\u00fck \u015e\u00e2fi\u00ee F\u0131kh\u0131 MU\u011eN\u0130\u2019L-MUHT\u00c2C<\/span><\/label><\/span><\/span><\/span> <\/label><br \/>\n<label> <span class=\"wpcf7-form-control-wrap\" data-name=\"acceptance-453\"><span class=\"wpcf7-form-control wpcf7-acceptance optional\"><span class=\"wpcf7-list-item\"><label><input type=\"checkbox\" name=\"acceptance-453\" value=\"1\" aria-invalid=\"false\" \/><span class=\"wpcf7-list-item-label\">Dilhun \u015eiir<\/span><\/label><\/span><\/span><\/span> <\/label><br \/>\n<label> <span class=\"wpcf7-form-control-wrap\" data-name=\"acceptance-455\"><span class=\"wpcf7-form-control wpcf7-acceptance optional\"><span class=\"wpcf7-list-item\"><label><input type=\"checkbox\" name=\"acceptance-455\" value=\"1\" aria-invalid=\"false\" \/><span class=\"wpcf7-list-item-label\">Dinleraras\u0131 Diyalog<\/span><\/label><\/span><\/span><\/span> <\/label><br \/>\n<label> <span class=\"wpcf7-form-control-wrap\" data-name=\"acceptance-454\"><span class=\"wpcf7-form-control wpcf7-acceptance optional\"><span class=\"wpcf7-list-item\"><label><input type=\"checkbox\" name=\"acceptance-454\" value=\"1\" aria-invalid=\"false\" \/><span class=\"wpcf7-list-item-label\">Eyseru\u2019t-Tef\u00e2s\u00eer<\/span><\/label><\/span><\/span><\/span> <\/label><br \/>\n<label> <span class=\"wpcf7-form-control-wrap\" data-name=\"acceptance-443\"><span class=\"wpcf7-form-control wpcf7-acceptance optional\"><span class=\"wpcf7-list-item\"><label><input type=\"checkbox\" name=\"acceptance-443\" value=\"1\" aria-invalid=\"false\" \/><span class=\"wpcf7-list-item-label\">F\u00eez\u0131l\u00e2l-il Kur\u2019an Kur\u2019an\u2019\u0131n G\u00f6lgesinde<\/span><\/label><\/span><\/span><\/span> <\/label><br \/>\n<label> <span class=\"wpcf7-form-control-wrap\" data-name=\"acceptance-450\"><span class=\"wpcf7-form-control wpcf7-acceptance optional\"><span class=\"wpcf7-list-item\"><label><input type=\"checkbox\" name=\"acceptance-450\" value=\"1\" aria-invalid=\"false\" \/><span class=\"wpcf7-list-item-label\">G\u00f6n\u00fcl G\u00f6zya\u015flar\u0131m<\/span><\/label><\/span><\/span><\/span> <\/label><br \/>\n<label> <span class=\"wpcf7-form-control-wrap\" data-name=\"acceptance-449\"><span class=\"wpcf7-form-control wpcf7-acceptance optional\"><span class=\"wpcf7-list-item\"><label><input type=\"checkbox\" name=\"acceptance-449\" value=\"1\" aria-invalid=\"false\" \/><span class=\"wpcf7-list-item-label\">Hz. Ebubekir Camii Minberinden Hutbeler<\/span><\/label><\/span><\/span><\/span> <\/label><br \/>\n<label> <span class=\"wpcf7-form-control-wrap\" data-name=\"acceptance-458\"><span class=\"wpcf7-form-control wpcf7-acceptance optional\"><span class=\"wpcf7-list-item\"><label><input type=\"checkbox\" name=\"acceptance-458\" value=\"1\" aria-invalid=\"false\" \/><span class=\"wpcf7-list-item-label\">\u0130slama Davet F\u0131kh\u0131<\/span><\/label><\/span><\/span><\/span> <\/label><br \/>\n<label> <span class=\"wpcf7-form-control-wrap\" data-name=\"acceptance-456\"><span class=\"wpcf7-form-control wpcf7-acceptance optional\"><span class=\"wpcf7-list-item\"><label><input type=\"checkbox\" name=\"acceptance-456\" value=\"1\" aria-invalid=\"false\" \/><span class=\"wpcf7-list-item-label\">Kalb\u00ee Ameller<\/span><\/label><\/span><\/span><\/span> <\/label><br \/>\n<label> <span class=\"wpcf7-form-control-wrap\" data-name=\"acceptance-444\"><span class=\"wpcf7-form-control wpcf7-acceptance optional\"><span class=\"wpcf7-list-item\"><label><input type=\"checkbox\" name=\"acceptance-444\" value=\"1\" aria-invalid=\"false\" \/><span class=\"wpcf7-list-item-label\">Kaynaklar\u0131yla Ahkam Hadisleri<\/span><\/label><\/span><\/span><\/span> <\/label><br \/>\n<label> <span class=\"wpcf7-form-control-wrap\" data-name=\"acceptance-446\"><span class=\"wpcf7-form-control wpcf7-acceptance optional\"><span class=\"wpcf7-list-item\"><label><input type=\"checkbox\" name=\"acceptance-446\" value=\"1\" aria-invalid=\"false\" \/><span class=\"wpcf7-list-item-label\">Mezheplere G\u00f6re B\u00fct\u00fcn Y\u00f6nleriyle KADIN VE A\u0130LE F\u0131kh\u0131 Ansiklopedisi<\/span><\/label><\/span><\/span><\/span> <\/label><br \/>\n<label> <span class=\"wpcf7-form-control-wrap\" data-name=\"acceptance-442\"><span class=\"wpcf7-form-control wpcf7-acceptance optional\"><span class=\"wpcf7-list-item\"><label><input type=\"checkbox\" name=\"acceptance-442\" value=\"1\" aria-invalid=\"false\" \/><span class=\"wpcf7-list-item-label\">M\u00fcsned-i Eb\u00fb H\u00fcreyre<\/span><\/label><\/span><\/span><\/span> <\/label><br \/>\n<label> <span class=\"wpcf7-form-control-wrap\" data-name=\"acceptance-457\"><span class=\"wpcf7-form-control wpcf7-acceptance optional\"><span class=\"wpcf7-list-item\"><label><input type=\"checkbox\" name=\"acceptance-457\" value=\"1\" aria-invalid=\"false\" \/><span class=\"wpcf7-list-item-label\">M\u00fcs\u00fcmanlar\u0131n Ayasofya\u2019yla \u0130mtihan\u0131<\/span><\/label><\/span><\/span><\/span> <\/label><br \/>\n<label> <span class=\"wpcf7-form-control-wrap\" data-name=\"acceptance-452\"><span class=\"wpcf7-form-control wpcf7-acceptance optional\"><span class=\"wpcf7-list-item\"><label><input type=\"checkbox\" name=\"acceptance-452\" value=\"1\" aria-invalid=\"false\" \/><span class=\"wpcf7-list-item-label\">Kur&#8217;an Ahk\u00e2m\u0131 Mezhep \u0130mamlar\u0131n\u0131n G\u00f6r\u00fc\u015f Farklar\u0131<\/span><\/label><\/span><\/span><\/span> <\/label><br \/>\n<label> <span class=\"wpcf7-form-control-wrap\" data-name=\"acceptance-451\"><span class=\"wpcf7-form-control wpcf7-acceptance optional\"><span class=\"wpcf7-list-item\"><label><input type=\"checkbox\" name=\"acceptance-451\" value=\"1\" aria-invalid=\"false\" \/><span class=\"wpcf7-list-item-label\">S\u00f6z M\u00fchimdir Hocam<\/span><\/label><\/span><\/span><\/span> <\/label><br \/>\n<label> <span class=\"wpcf7-form-control-wrap\" data-name=\"acceptance-459\"><span class=\"wpcf7-form-control wpcf7-acceptance optional\"><span class=\"wpcf7-list-item\"><label><input type=\"checkbox\" name=\"acceptance-459\" value=\"1\" aria-invalid=\"false\" \/><span class=\"wpcf7-list-item-label\">T\u00fcrkistan\u2019da Ehl-\u0130 S\u00fcnnet ve Yesevi \u00d6\u011fretisi<\/span><\/label><\/span><\/span><\/span> <\/label><br \/>\n<label> <span class=\"wpcf7-form-control-wrap\" data-name=\"acceptance-460\"><span class=\"wpcf7-form-control wpcf7-acceptance optional\"><span class=\"wpcf7-list-item\"><label><input type=\"checkbox\" name=\"acceptance-460\" value=\"1\" aria-invalid=\"false\" \/><span class=\"wpcf7-list-item-label\">Sahabeden G\u00fcn\u00fcm\u00fcze Allah Davas\u0131nda Sonradan Gelenler<\/span><\/label><\/span><\/span><\/span> <\/label><br \/>\n<label> <span class=\"wpcf7-form-control-wrap\" data-name=\"acceptance-461\"><span class=\"wpcf7-form-control wpcf7-acceptance optional\"><span class=\"wpcf7-list-item\"><label><input type=\"checkbox\" name=\"acceptance-461\" value=\"1\" aria-invalid=\"false\" \/><span class=\"wpcf7-list-item-label\">S\u00dcNEN-\u0130 NESA\u0130 Terc\u00fcme Ve \u015eerhi<\/span><\/label><\/span><\/span><\/span> <\/label><br \/>\n<label> <span class=\"wpcf7-form-control-wrap\" data-name=\"acceptance-462\"><span class=\"wpcf7-form-control wpcf7-acceptance optional\"><span class=\"wpcf7-list-item\"><label><input type=\"checkbox\" name=\"acceptance-462\" value=\"1\" aria-invalid=\"false\" \/><span class=\"wpcf7-list-item-label\">G\u00fcn\u00fcm\u00fcz M\u00fcsl\u00fcmanlar\u0131na Vaazlar 1<\/span><\/label><\/span><\/span><\/span> <\/label>\n<\/p>\n<p><input class=\"wpcf7-form-control wpcf7-submit has-spinner\" type=\"submit\" value=\"G\u00f6nder\" \/>\n<\/p><div class=\"wpcf7-response-output\" aria-hidden=\"true\"><\/div>\n<\/form>\n<\/div>\n\n<\/div>\n<\/div><\/div><\/div><\/div><div id=\"pg-gb68-69f5fe46e70a2-1\"  class=\"panel-grid panel-no-style\" ><div id=\"pgc-gb68-69f5fe46e70a2-1-0\"  class=\"panel-grid-cell\" ><div id=\"panel-gb68-69f5fe46e70a2-1-0-0\" class=\"so-panel widget widget_sow-editor panel-first-child panel-last-child\" data-index=\"3\" ><div\n\t\t\t\n\t\t\tclass=\"so-widget-sow-editor so-widget-sow-editor-base\"\n\t\t\t\n\t\t><h3 class=\"widget-title\">Harita<\/h3>\n<div class=\"siteorigin-widget-tinymce textwidget\">\n\t<p><iframe loading=\"lazy\" src=\"https:\/\/www.google.com\/maps\/embed?pb=!1m18!1m12!1m3!1d3010.095190585557!2d28.860654815266017!3d41.023173326457204!2m3!1f0!2f0!3f0!3m2!1i1024!2i768!4f13.1!3m3!1m2!1s0x14cabb2ba8ec79bf%3A0x6e0a93e2815296c1!2zR8O8bmXFn3RlcGUsIEvDvGx0w7xyIFNrLiBObzoxNywgMzQxNjQgR8O8bmfDtnJlbi_EsHN0YW5idWw!5e0!3m2!1str!2str!4v1572086187809!5m2!1str!2str\" width=\"100%\" height=\"450\" frameborder=\"0\" style=\"border:0;\" allowfullscreen=\"\"><\/iframe><\/p>\n<\/div>\n<\/div><\/div><\/div><\/div><\/div>","protected":false},"excerpt":{"rendered":"<p>Mira\u00e7 Yay\u0131nlar\u0131 Tahir \u00c7ak\u0131c\u0131 : 0535 256 29 51 Telefon &#8211; Faks : + 90 212 523 38 04 E-posta: mirac@miracyayinlari.com Adres:\u00a0G\u00fcne\u015ftepe Mh. K\u00fclt\u00fcr Sk. No:20\/B\u00a0 G\u00fcng\u00f6ren \/ \u0130stanbul &nbsp;<\/p>\n","protected":false},"author":1,"featured_media":0,"parent":0,"menu_order":0,"comment_status":"closed","ping_status":"closed","template":"","meta":{"footnotes":""},"aioseo_notices":[],"_links":{"self":[{"href":"https:\/\/www.miracyayinlari.com\/2020\/wp-json\/wp\/v2\/pages\/68"}],"collection":[{"href":"https:\/\/www.miracyayinlari.com\/2020\/wp-json\/wp\/v2\/pages"}],"about":[{"href":"https:\/\/www.miracyayinlari.com\/2020\/wp-json\/wp\/v2\/types\/page"}],"author":[{"embeddable":true,"href":"https:\/\/www.miracyayinlari.com\/2020\/wp-json\/wp\/v2\/users\/1"}],"replies":[{"embeddable":true,"href":"https:\/\/www.miracyayinlari.com\/2020\/wp-json\/wp\/v2\/comments?post=68"}],"version-history":[{"count":26,"href":"https:\/\/www.miracyayinlari.com\/2020\/wp-json\/wp\/v2\/pages\/68\/revisions"}],"predecessor-version":[{"id":611,"href":"https:\/\/www.miracyayinlari.com\/2020\/wp-json\/wp\/v2\/pages\/68\/revisions\/611"}],"wp:attachment":[{"href":"https:\/\/www.miracyayinlari.com\/2020\/wp-json\/wp\/v2\/media?parent=68"}],"curies":[{"name":"wp","href":"https:\/\/api.w.org\/{rel}","templated":true}]}}