{"id":66,"date":"2019-10-23T21:44:00","date_gmt":"2019-10-23T18:44:00","guid":{"rendered":"http:\/\/www.miracyayinlari.com\/2020\/?page_id=66"},"modified":"2019-12-17T22:17:33","modified_gmt":"2019-12-17T19:17:33","slug":"hakkimizda","status":"publish","type":"page","link":"https:\/\/www.miracyayinlari.com\/2020\/hakkimizda\/","title":{"rendered":"Hakk\u0131m\u0131zda"},"content":{"rendered":"\n<p>De\u011ferli\nOkuyucumuz<\/p>\n\n\n\n<p>&nbsp;K\u0130TABIN M\u0130LLETLER\u0130N HAYATINDA NE KADAR M\u00dcH\u0130M\nB\u0130R DE\u011eER OLDU\u011eUNU B\u0130L\u0130YOR VE YAYIN \u00c7\u0130ZG\u0130M\u0130Z\u0130 BU \u015eUURLA BEL\u0130RLEMEYE\n\u00c7ALI\u015eIYORUZ.<\/p>\n\n\n\n<p>&nbsp;1985\u2019ten buyana yay\u0131n hayat\u0131m\u0131zda g\u00fczel\nhizmetler yapabilmenin azim ve heyecan\u0131n\u0131 ta\u015f\u0131maktay\u0131z.&nbsp; Okuyucumuza daha \u00f6nce ba\u015fka yay\u0131nevleri\ntaraf\u0131ndan terc\u00fcme edilmi\u015f ve yay\u0131n hayat\u0131na kazand\u0131r\u0131lm\u0131\u015f eserlerin yeni\nbask\u0131s\u0131n\u0131 yay\u0131nlamak yerine, terc\u00fcme edilmeyi bekleyen \u00e7ok de\u011ferli kaynak\neserleri sizlerin k\u00fct\u00fcphanelerine kazand\u0131rabilmek i\u00e7in gayret etmekteyiz.<\/p>\n\n\n\n<p>Bu\nyolculu\u011fumuzda bizleri desteklerinizle yaln\u0131z b\u0131rakmayan, siz de\u011ferli\nokuyucular\u0131m\u0131za sonsuz \u015f\u00fckranlar\u0131m\u0131z\u0131 arz ediyoruz. Sizlerin \u0130slam\u2019\u0131 ya\u015fama ve\nya\u015fatma gayretinize bir nebzede olsa katk\u0131da bulunabilmi\u015fsek kendimizi bahtiyar\nhissederiz.<\/p>\n\n\n\n<p>Rabbimizden\nbizi hizmetlerimizde muvaffak k\u0131lmas\u0131n\u0131 niyaz ediyoruz.<\/p>\n","protected":false},"excerpt":{"rendered":"<p>De\u011ferli Okuyucumuz &nbsp;K\u0130TABIN M\u0130LLETLER\u0130N HAYATINDA NE KADAR M\u00dcH\u0130M B\u0130R DE\u011eER OLDU\u011eUNU B\u0130L\u0130YOR VE YAYIN \u00c7\u0130ZG\u0130M\u0130Z\u0130 BU \u015eUURLA BEL\u0130RLEMEYE \u00c7ALI\u015eIYORUZ. &nbsp;1985\u2019ten buyana yay\u0131n hayat\u0131m\u0131zda g\u00fczel hizmetler yapabilmenin azim ve heyecan\u0131n\u0131 ta\u015f\u0131maktay\u0131z.&nbsp; Okuyucumuza daha \u00f6nce ba\u015fka yay\u0131nevleri taraf\u0131ndan terc\u00fcme edilmi\u015f ve yay\u0131n hayat\u0131na kazand\u0131r\u0131lm\u0131\u015f eserlerin yeni bask\u0131s\u0131n\u0131 yay\u0131nlamak yerine, terc\u00fcme edilmeyi bekleyen \u00e7ok de\u011ferli kaynak eserleri sizlerin [&hellip;]<\/p>\n","protected":false},"author":1,"featured_media":0,"parent":0,"menu_order":0,"comment_status":"closed","ping_status":"closed","template":"","meta":{"footnotes":""},"aioseo_notices":[],"_links":{"self":[{"href":"https:\/\/www.miracyayinlari.com\/2020\/wp-json\/wp\/v2\/pages\/66"}],"collection":[{"href":"https:\/\/www.miracyayinlari.com\/2020\/wp-json\/wp\/v2\/pages"}],"about":[{"href":"https:\/\/www.miracyayinlari.com\/2020\/wp-json\/wp\/v2\/types\/page"}],"author":[{"embeddable":true,"href":"https:\/\/www.miracyayinlari.com\/2020\/wp-json\/wp\/v2\/users\/1"}],"replies":[{"embeddable":true,"href":"https:\/\/www.miracyayinlari.com\/2020\/wp-json\/wp\/v2\/comments?post=66"}],"version-history":[{"count":3,"href":"https:\/\/www.miracyayinlari.com\/2020\/wp-json\/wp\/v2\/pages\/66\/revisions"}],"predecessor-version":[{"id":185,"href":"https:\/\/www.miracyayinlari.com\/2020\/wp-json\/wp\/v2\/pages\/66\/revisions\/185"}],"wp:attachment":[{"href":"https:\/\/www.miracyayinlari.com\/2020\/wp-json\/wp\/v2\/media?parent=66"}],"curies":[{"name":"wp","href":"https:\/\/api.w.org\/{rel}","templated":true}]}}