{"id":104,"date":"2019-10-26T13:43:03","date_gmt":"2019-10-26T10:43:03","guid":{"rendered":"http:\/\/www.miracyayinlari.com\/2020\/?page_id=104"},"modified":"2019-12-17T22:20:46","modified_gmt":"2019-12-17T19:20:46","slug":"teslimat","status":"publish","type":"page","link":"https:\/\/www.miracyayinlari.com\/2020\/teslimat\/","title":{"rendered":"Teslimat"},"content":{"rendered":"<div id=\"pl-gb104-69e13853eb0db\"  class=\"panel-layout\" ><div id=\"pg-gb104-69e13853eb0db-0\"  class=\"panel-grid panel-no-style\" ><div id=\"pgc-gb104-69e13853eb0db-0-0\"  class=\"panel-grid-cell\" ><div id=\"panel-gb104-69e13853eb0db-0-0-0\" class=\"so-panel widget widget_sow-editor panel-first-child panel-last-child\" data-index=\"0\" ><div\n\t\t\t\n\t\t\tclass=\"so-widget-sow-editor so-widget-sow-editor-base\"\n\t\t\t\n\t\t><h3 class=\"widget-title\">Teslimat Bilgileri<\/h3>\n<div class=\"siteorigin-widget-tinymce textwidget\">\n\t<p>De\u011ferli Okuyucumuz,<\/p>\n<p>Bizden istemi\u015f oldu\u011funuz kitaplar\u0131n\u0131z en ge\u00e7 2 g\u00fcn i\u00e7inde PTT kargo ile adresinize kargo \u00fccretini \u00f6deyerek g\u00f6nderilir. Koliniz taraf\u0131m\u0131zdan PTT kargoya teslim edildi\u011finde PTT kargo taraf\u0131ndan size otomatik olarak cep telefonunuza kolinizin yola \u00e7\u0131kt\u0131\u011f\u0131na dair bir barkod bilgisi mesaj\u0131 at\u0131l\u0131r. Siz dilerseniz o barkodla kolinizin teslimat\u0131yla ilgili detay bilgiyi PTT\u2019nin internet sitesinden takip edebilirsiniz.<\/p>\n<\/div>\n<\/div><\/div><\/div><\/div><\/div>","protected":false},"excerpt":{"rendered":"<p>De\u011ferli Okuyucumuz, Bizden istemi\u015f oldu\u011funuz kitaplar\u0131n\u0131z en ge\u00e7 2 g\u00fcn i\u00e7inde PTT kargo ile adresinize kargo \u00fccretini \u00f6deyerek g\u00f6nderilir. Koliniz taraf\u0131m\u0131zdan PTT kargoya teslim edildi\u011finde PTT kargo taraf\u0131ndan size otomatik olarak cep telefonunuza kolinizin yola \u00e7\u0131kt\u0131\u011f\u0131na dair bir barkod bilgisi mesaj\u0131 at\u0131l\u0131r. Siz dilerseniz o barkodla kolinizin teslimat\u0131yla ilgili detay bilgiyi PTT\u2019nin internet sitesinden takip [&hellip;]<\/p>\n","protected":false},"author":1,"featured_media":0,"parent":0,"menu_order":0,"comment_status":"closed","ping_status":"closed","template":"","meta":{"footnotes":""},"aioseo_notices":[],"_links":{"self":[{"href":"https:\/\/www.miracyayinlari.com\/2020\/wp-json\/wp\/v2\/pages\/104"}],"collection":[{"href":"https:\/\/www.miracyayinlari.com\/2020\/wp-json\/wp\/v2\/pages"}],"about":[{"href":"https:\/\/www.miracyayinlari.com\/2020\/wp-json\/wp\/v2\/types\/page"}],"author":[{"embeddable":true,"href":"https:\/\/www.miracyayinlari.com\/2020\/wp-json\/wp\/v2\/users\/1"}],"replies":[{"embeddable":true,"href":"https:\/\/www.miracyayinlari.com\/2020\/wp-json\/wp\/v2\/comments?post=104"}],"version-history":[{"count":3,"href":"https:\/\/www.miracyayinlari.com\/2020\/wp-json\/wp\/v2\/pages\/104\/revisions"}],"predecessor-version":[{"id":187,"href":"https:\/\/www.miracyayinlari.com\/2020\/wp-json\/wp\/v2\/pages\/104\/revisions\/187"}],"wp:attachment":[{"href":"https:\/\/www.miracyayinlari.com\/2020\/wp-json\/wp\/v2\/media?parent=104"}],"curies":[{"name":"wp","href":"https:\/\/api.w.org\/{rel}","templated":true}]}}